{"id":210,"date":"2023-12-04T18:37:48","date_gmt":"2023-12-04T17:37:48","guid":{"rendered":"https:\/\/quandlechat.fr\/?page_id=210"},"modified":"2024-01-24T19:09:56","modified_gmt":"2024-01-24T18:09:56","slug":"videos","status":"publish","type":"page","link":"https:\/\/quandlechat.fr\/index.php\/videos\/","title":{"rendered":"Vid\u00e9os"},"content":{"rendered":"\n<h2 class=\"wp-block-heading has-text-align-center is-style-decor2 has-background\" style=\"background-color:#ffffffe6\"><strong>Extraits vid\u00e9os en LIVE !<\/strong><\/h2>\n\n\n\n<figure class=\"wp-block-embed is-type-video is-provider-youtube wp-block-embed-youtube wp-embed-aspect-16-9 wp-has-aspect-ratio\"><div class=\"wp-block-embed__wrapper\">\n<iframe loading=\"lazy\" title=\"Extraits LIVE au TPG - Quand le chat n&#039;est pas l\u00e0... \u00e7a part en LIVE !\" width=\"500\" height=\"281\" src=\"https:\/\/www.youtube.com\/embed\/sh0LpUEz3xc?feature=oembed\" frameborder=\"0\" allow=\"accelerometer; autoplay; clipboard-write; encrypted-media; gyroscope; picture-in-picture; web-share\" referrerpolicy=\"strict-origin-when-cross-origin\" allowfullscreen><\/iframe>\n<\/div><\/figure>\n\n\n\n<p class=\"has-background has-small-font-size wp-block-paragraph\" style=\"background-color:#ffffffe3\">Cr\u00e9dit vid\u00e9o : R\u00e9mi Ancelin<br>Extraits du concert au Th\u00e9\u00e2tre de Poche Graslin &#8211; Nantes &#8211; Janvier 2023<\/p>\n\n\n\n<figure class=\"wp-block-embed is-type-video is-provider-youtube wp-block-embed-youtube wp-embed-aspect-16-9 wp-has-aspect-ratio\"><div class=\"wp-block-embed__wrapper\">\n<iframe loading=\"lazy\" title=\"Live Report - Quand le chat \u00e0 Evron !\" width=\"500\" height=\"281\" src=\"https:\/\/www.youtube.com\/embed\/W5UtUlFNQys?feature=oembed\" frameborder=\"0\" allow=\"accelerometer; autoplay; clipboard-write; encrypted-media; gyroscope; picture-in-picture; web-share\" referrerpolicy=\"strict-origin-when-cross-origin\" allowfullscreen><\/iframe>\n<\/div><\/figure>\n\n\n\n<p class=\"has-background has-small-font-size wp-block-paragraph\" style=\"background-color:#ffffffe3\">Cr\u00e9dit vid\u00e9o : Thimoty Sorin<br>Live Report ! &#8211; Evron &#8211; D\u00e9cembre 2023<\/p>\n\n\n\n<div style=\"height:25px\" aria-hidden=\"true\" class=\"wp-block-spacer\"><\/div>\n\n\n\n<hr class=\"wp-block-separator aligncenter has-text-color has-background-color has-alpha-channel-opacity has-background-background-color has-background is-style-wide\"\/>\n\n\n\n<h2 class=\"wp-block-heading has-text-align-center is-style-decor2 has-background\" style=\"background-color:#ffffffe6\"><strong>Les clips !<\/strong><\/h2>\n\n\n\n<div class=\"wp-block-columns is-layout-flex wp-container-core-columns-is-layout-bdf5e888 wp-block-columns-is-layout-flex\">\n<div class=\"wp-block-column has-background is-layout-flow wp-block-column-is-layout-flow\" style=\"background-color:#ffffffe0\">\n<figure class=\"wp-block-embed is-type-video is-provider-youtube wp-block-embed-youtube wp-embed-aspect-16-9 wp-has-aspect-ratio\"><div class=\"wp-block-embed__wrapper\">\n<iframe loading=\"lazy\" title=\"Le roi des papous - Quand le chat n&#039;est pas l\u00e0... \u00e7a part en LIVE !\" width=\"500\" height=\"281\" src=\"https:\/\/www.youtube.com\/embed\/RV0fv1oGvKQ?feature=oembed\" frameborder=\"0\" allow=\"accelerometer; autoplay; clipboard-write; encrypted-media; gyroscope; picture-in-picture; web-share\" referrerpolicy=\"strict-origin-when-cross-origin\" allowfullscreen><\/iframe>\n<\/div><figcaption class=\"wp-element-caption\"><strong>Le roi des papous<\/strong><\/figcaption><\/figure>\n<\/div>\n\n\n\n<div class=\"wp-block-column has-background is-layout-flow wp-block-column-is-layout-flow\" style=\"background-color:#ffffffe0\">\n<figure class=\"wp-block-embed is-type-video is-provider-youtube wp-block-embed-youtube wp-embed-aspect-16-9 wp-has-aspect-ratio\"><div class=\"wp-block-embed__wrapper\">\n<iframe loading=\"lazy\" title=\"Dans mon jardin - Quand le chat n&#039;est pas l\u00e0... \u00e7a part en LIVE !\" width=\"500\" height=\"281\" src=\"https:\/\/www.youtube.com\/embed\/FZ5_SGZMERc?feature=oembed\" frameborder=\"0\" allow=\"accelerometer; autoplay; clipboard-write; encrypted-media; gyroscope; picture-in-picture; web-share\" referrerpolicy=\"strict-origin-when-cross-origin\" allowfullscreen><\/iframe>\n<\/div><figcaption class=\"wp-element-caption\"><strong>Dans mon jardin<\/strong><\/figcaption><\/figure>\n<\/div>\n<\/div>\n\n\n\n<div style=\"height:25px\" aria-hidden=\"true\" class=\"wp-block-spacer\"><\/div>\n\n\n\n<hr class=\"wp-block-separator aligncenter has-text-color has-background-color has-alpha-channel-opacity has-background-background-color has-background is-style-wide\"\/>\n\n\n\n<div style=\"height:25px\" aria-hidden=\"true\" class=\"wp-block-spacer\"><\/div>\n\n\n\n<div class=\"wp-block-buttons is-content-justification-center is-layout-flex wp-container-core-buttons-is-layout-50446695 wp-block-buttons-is-layout-flex\">\n<div class=\"wp-block-button has-custom-width wp-block-button__width-75 has-custom-font-size\" style=\"font-size:18px\"><a class=\"wp-block-button__link wp-element-button\" href=\"https:\/\/quandlechat.fr\/index.php\/media\/\">Je veux (re)voir les photos maintenant !<\/a><\/div>\n<\/div>\n","protected":false},"excerpt":{"rendered":"<p>Extraits vid\u00e9os en LIVE ! Cr\u00e9dit vid\u00e9o : R\u00e9mi AncelinExtraits du concert au Th\u00e9\u00e2tre de Poche Graslin &#8211; Nantes &#8211;<span class=\"more-dots\">&#8230;<\/span><\/p>\n","protected":false},"author":1,"featured_media":0,"parent":0,"menu_order":0,"comment_status":"closed","ping_status":"closed","template":"page-templates\/no-sidebar-no-title.php","meta":{"_crdt_document":"","footnotes":""},"class_list":["post-210","page","type-page","status-publish","hentry","no-post-thumbnail"],"yoast_head":"<!-- This site is optimized with the Yoast SEO plugin v27.4 - https:\/\/yoast.com\/product\/yoast-seo-wordpress\/ -->\n<title>Vid\u00e9os - Quand le chat<\/title>\n<meta name=\"robots\" content=\"index, follow, max-snippet:-1, max-image-preview:large, max-video-preview:-1\" \/>\n<link rel=\"canonical\" href=\"https:\/\/quandlechat.fr\/index.php\/videos\/\" \/>\n<meta property=\"og:locale\" content=\"fr_FR\" \/>\n<meta property=\"og:type\" content=\"article\" \/>\n<meta property=\"og:title\" content=\"Vid\u00e9os - Quand le chat\" \/>\n<meta property=\"og:description\" content=\"Extraits vid\u00e9os en LIVE ! Cr\u00e9dit vid\u00e9o : R\u00e9mi AncelinExtraits du concert au Th\u00e9\u00e2tre de Poche Graslin &#8211; Nantes &#8211;...\" \/>\n<meta property=\"og:url\" content=\"https:\/\/quandlechat.fr\/index.php\/videos\/\" \/>\n<meta property=\"og:site_name\" content=\"Quand le chat\" \/>\n<meta property=\"article:publisher\" content=\"https:\/\/www.facebook.com\/quandlechatnestpaslacapartenlive\" \/>\n<meta property=\"article:modified_time\" content=\"2024-01-24T18:09:56+00:00\" \/>\n<meta property=\"og:image\" content=\"https:\/\/quandlechat.fr\/wp-content\/uploads\/2023\/11\/Typo-QuandLeChat.png\" \/>\n\t<meta property=\"og:image:width\" content=\"847\" \/>\n\t<meta property=\"og:image:height\" content=\"467\" \/>\n\t<meta property=\"og:image:type\" content=\"image\/png\" \/>\n<meta name=\"twitter:card\" content=\"summary_large_image\" \/>\n<script type=\"application\/ld+json\" class=\"yoast-schema-graph\">{\"@context\":\"https:\\\/\\\/schema.org\",\"@graph\":[{\"@type\":\"WebPage\",\"@id\":\"https:\\\/\\\/quandlechat.fr\\\/index.php\\\/videos\\\/\",\"url\":\"https:\\\/\\\/quandlechat.fr\\\/index.php\\\/videos\\\/\",\"name\":\"Vid\u00e9os - Quand le chat\",\"isPartOf\":{\"@id\":\"https:\\\/\\\/quandlechat.fr\\\/#website\"},\"datePublished\":\"2023-12-04T17:37:48+00:00\",\"dateModified\":\"2024-01-24T18:09:56+00:00\",\"breadcrumb\":{\"@id\":\"https:\\\/\\\/quandlechat.fr\\\/index.php\\\/videos\\\/#breadcrumb\"},\"inLanguage\":\"fr-FR\",\"potentialAction\":[{\"@type\":\"ReadAction\",\"target\":[\"https:\\\/\\\/quandlechat.fr\\\/index.php\\\/videos\\\/\"]}]},{\"@type\":\"BreadcrumbList\",\"@id\":\"https:\\\/\\\/quandlechat.fr\\\/index.php\\\/videos\\\/#breadcrumb\",\"itemListElement\":[{\"@type\":\"ListItem\",\"position\":1,\"name\":\"Accueil\",\"item\":\"https:\\\/\\\/quandlechat.fr\\\/\"},{\"@type\":\"ListItem\",\"position\":2,\"name\":\"Vid\u00e9os\"}]},{\"@type\":\"WebSite\",\"@id\":\"https:\\\/\\\/quandlechat.fr\\\/#website\",\"url\":\"https:\\\/\\\/quandlechat.fr\\\/\",\"name\":\"Quand le chat\",\"description\":\"n&#039;est pas l\u00e0... \u00e7a part en LIVE !\",\"publisher\":{\"@id\":\"https:\\\/\\\/quandlechat.fr\\\/#organization\"},\"potentialAction\":[{\"@type\":\"SearchAction\",\"target\":{\"@type\":\"EntryPoint\",\"urlTemplate\":\"https:\\\/\\\/quandlechat.fr\\\/?s={search_term_string}\"},\"query-input\":{\"@type\":\"PropertyValueSpecification\",\"valueRequired\":true,\"valueName\":\"search_term_string\"}}],\"inLanguage\":\"fr-FR\"},{\"@type\":\"Organization\",\"@id\":\"https:\\\/\\\/quandlechat.fr\\\/#organization\",\"name\":\"Quand le chat\",\"url\":\"https:\\\/\\\/quandlechat.fr\\\/\",\"logo\":{\"@type\":\"ImageObject\",\"inLanguage\":\"fr-FR\",\"@id\":\"https:\\\/\\\/quandlechat.fr\\\/#\\\/schema\\\/logo\\\/image\\\/\",\"url\":\"https:\\\/\\\/quandlechat.fr\\\/wp-content\\\/uploads\\\/2023\\\/11\\\/Typo-QuandLeChat.png\",\"contentUrl\":\"https:\\\/\\\/quandlechat.fr\\\/wp-content\\\/uploads\\\/2023\\\/11\\\/Typo-QuandLeChat.png\",\"width\":847,\"height\":467,\"caption\":\"Quand le chat\"},\"image\":{\"@id\":\"https:\\\/\\\/quandlechat.fr\\\/#\\\/schema\\\/logo\\\/image\\\/\"},\"sameAs\":[\"https:\\\/\\\/www.facebook.com\\\/quandlechatnestpaslacapartenlive\",\"https:\\\/\\\/www.youtube.com\\\/@Quandlechat\",\"https:\\\/\\\/www.instagram.com\\\/quand_le_chat_nest_pas_la\\\/\"]}]}<\/script>\n<!-- \/ Yoast SEO plugin. -->","yoast_head_json":{"title":"Vid\u00e9os - Quand le chat","robots":{"index":"index","follow":"follow","max-snippet":"max-snippet:-1","max-image-preview":"max-image-preview:large","max-video-preview":"max-video-preview:-1"},"canonical":"https:\/\/quandlechat.fr\/index.php\/videos\/","og_locale":"fr_FR","og_type":"article","og_title":"Vid\u00e9os - Quand le chat","og_description":"Extraits vid\u00e9os en LIVE ! Cr\u00e9dit vid\u00e9o : R\u00e9mi AncelinExtraits du concert au Th\u00e9\u00e2tre de Poche Graslin &#8211; Nantes &#8211;...","og_url":"https:\/\/quandlechat.fr\/index.php\/videos\/","og_site_name":"Quand le chat","article_publisher":"https:\/\/www.facebook.com\/quandlechatnestpaslacapartenlive","article_modified_time":"2024-01-24T18:09:56+00:00","og_image":[{"width":847,"height":467,"url":"https:\/\/quandlechat.fr\/wp-content\/uploads\/2023\/11\/Typo-QuandLeChat.png","type":"image\/png"}],"twitter_card":"summary_large_image","schema":{"@context":"https:\/\/schema.org","@graph":[{"@type":"WebPage","@id":"https:\/\/quandlechat.fr\/index.php\/videos\/","url":"https:\/\/quandlechat.fr\/index.php\/videos\/","name":"Vid\u00e9os - Quand le chat","isPartOf":{"@id":"https:\/\/quandlechat.fr\/#website"},"datePublished":"2023-12-04T17:37:48+00:00","dateModified":"2024-01-24T18:09:56+00:00","breadcrumb":{"@id":"https:\/\/quandlechat.fr\/index.php\/videos\/#breadcrumb"},"inLanguage":"fr-FR","potentialAction":[{"@type":"ReadAction","target":["https:\/\/quandlechat.fr\/index.php\/videos\/"]}]},{"@type":"BreadcrumbList","@id":"https:\/\/quandlechat.fr\/index.php\/videos\/#breadcrumb","itemListElement":[{"@type":"ListItem","position":1,"name":"Accueil","item":"https:\/\/quandlechat.fr\/"},{"@type":"ListItem","position":2,"name":"Vid\u00e9os"}]},{"@type":"WebSite","@id":"https:\/\/quandlechat.fr\/#website","url":"https:\/\/quandlechat.fr\/","name":"Quand le chat","description":"n&#039;est pas l\u00e0... \u00e7a part en LIVE !","publisher":{"@id":"https:\/\/quandlechat.fr\/#organization"},"potentialAction":[{"@type":"SearchAction","target":{"@type":"EntryPoint","urlTemplate":"https:\/\/quandlechat.fr\/?s={search_term_string}"},"query-input":{"@type":"PropertyValueSpecification","valueRequired":true,"valueName":"search_term_string"}}],"inLanguage":"fr-FR"},{"@type":"Organization","@id":"https:\/\/quandlechat.fr\/#organization","name":"Quand le chat","url":"https:\/\/quandlechat.fr\/","logo":{"@type":"ImageObject","inLanguage":"fr-FR","@id":"https:\/\/quandlechat.fr\/#\/schema\/logo\/image\/","url":"https:\/\/quandlechat.fr\/wp-content\/uploads\/2023\/11\/Typo-QuandLeChat.png","contentUrl":"https:\/\/quandlechat.fr\/wp-content\/uploads\/2023\/11\/Typo-QuandLeChat.png","width":847,"height":467,"caption":"Quand le chat"},"image":{"@id":"https:\/\/quandlechat.fr\/#\/schema\/logo\/image\/"},"sameAs":["https:\/\/www.facebook.com\/quandlechatnestpaslacapartenlive","https:\/\/www.youtube.com\/@Quandlechat","https:\/\/www.instagram.com\/quand_le_chat_nest_pas_la\/"]}]}},"_links":{"self":[{"href":"https:\/\/quandlechat.fr\/index.php\/wp-json\/wp\/v2\/pages\/210","targetHints":{"allow":["GET"]}}],"collection":[{"href":"https:\/\/quandlechat.fr\/index.php\/wp-json\/wp\/v2\/pages"}],"about":[{"href":"https:\/\/quandlechat.fr\/index.php\/wp-json\/wp\/v2\/types\/page"}],"author":[{"embeddable":true,"href":"https:\/\/quandlechat.fr\/index.php\/wp-json\/wp\/v2\/users\/1"}],"replies":[{"embeddable":true,"href":"https:\/\/quandlechat.fr\/index.php\/wp-json\/wp\/v2\/comments?post=210"}],"version-history":[{"count":21,"href":"https:\/\/quandlechat.fr\/index.php\/wp-json\/wp\/v2\/pages\/210\/revisions"}],"predecessor-version":[{"id":701,"href":"https:\/\/quandlechat.fr\/index.php\/wp-json\/wp\/v2\/pages\/210\/revisions\/701"}],"wp:attachment":[{"href":"https:\/\/quandlechat.fr\/index.php\/wp-json\/wp\/v2\/media?parent=210"}],"curies":[{"name":"wp","href":"https:\/\/api.w.org\/{rel}","templated":true}]}}