{"id":157,"date":"2023-11-30T16:38:53","date_gmt":"2023-11-30T15:38:53","guid":{"rendered":"https:\/\/quandlechat.fr\/?page_id=157"},"modified":"2024-01-15T17:37:59","modified_gmt":"2024-01-15T16:37:59","slug":"espace-pro","status":"publish","type":"page","link":"https:\/\/quandlechat.fr\/index.php\/espace-pro\/","title":{"rendered":"Espace pro"},"content":{"rendered":"\n<h1 class=\"wp-block-heading has-text-align-center is-style-decor2 has-background\" style=\"background-color:#ffffffe6\"><strong>Espace PRO !<\/strong><\/h1>\n\n\n\n<div class=\"wp-block-cover aligncenter\" style=\"min-height:395px;aspect-ratio:unset;\"><span aria-hidden=\"true\" class=\"wp-block-cover__background has-background-dim-0 has-background-dim\"><\/span><img loading=\"lazy\" decoding=\"async\" width=\"2047\" height=\"1151\" class=\"wp-block-cover__image-background wp-image-318\" alt=\"\" src=\"https:\/\/quandlechat.fr\/wp-content\/uploads\/2023\/12\/B0A0014_ter-1-edited.jpg\" style=\"object-position:50% 31%\" data-object-fit=\"cover\" data-object-position=\"50% 31%\" srcset=\"https:\/\/quandlechat.fr\/wp-content\/uploads\/2023\/12\/B0A0014_ter-1-edited.jpg 2047w, https:\/\/quandlechat.fr\/wp-content\/uploads\/2023\/12\/B0A0014_ter-1-edited-300x169.jpg 300w, https:\/\/quandlechat.fr\/wp-content\/uploads\/2023\/12\/B0A0014_ter-1-edited-1024x576.jpg 1024w, https:\/\/quandlechat.fr\/wp-content\/uploads\/2023\/12\/B0A0014_ter-1-edited-768x432.jpg 768w, https:\/\/quandlechat.fr\/wp-content\/uploads\/2023\/12\/B0A0014_ter-1-edited-1536x864.jpg 1536w, https:\/\/quandlechat.fr\/wp-content\/uploads\/2023\/12\/B0A0014_ter-1-edited-1140x641.jpg 1140w\" sizes=\"auto, (max-width: 2047px) 100vw, 2047px\" \/><div class=\"wp-block-cover__inner-container is-layout-flow wp-block-cover-is-layout-flow\">\n<p class=\"has-text-align-center has-large-font-size wp-block-paragraph\"><\/p>\n<\/div><\/div>\n\n\n\n<div style=\"height:0px\" aria-hidden=\"true\" class=\"wp-block-spacer\"><\/div>\n\n\n\n<h2 class=\"wp-block-heading has-text-align-center is-style-decor2 has-font-color has-text-color has-background has-link-color has-large-font-size wp-elements-222c525b4cd2c325d3b39d25b17d7b0e\" style=\"background-color:#dba14be6\"><strong>Documents \u00e0 t\u00e9l\u00e9charger<\/strong><\/h2>\n\n\n\n<div class=\"wp-block-columns cols-bordered cols-padding gap-30 pt-2 pb-3 has-background is-layout-flex wp-container-core-columns-is-layout-bdf5e888 wp-block-columns-is-layout-flex\" style=\"background-color:#dba14bdb\">\n<div class=\"wp-block-column is-layout-flow wp-block-column-is-layout-flow\">\n<figure class=\"wp-block-image aligncenter size-large is-resized\"><img loading=\"lazy\" decoding=\"async\" width=\"1024\" height=\"923\" src=\"https:\/\/quandlechat.fr\/wp-content\/uploads\/2024\/01\/Lapin-Ours-1024x923.png\" alt=\"\" class=\"wp-image-545\" style=\"width:115px;height:auto\" srcset=\"https:\/\/quandlechat.fr\/wp-content\/uploads\/2024\/01\/Lapin-Ours-1024x923.png 1024w, https:\/\/quandlechat.fr\/wp-content\/uploads\/2024\/01\/Lapin-Ours-300x270.png 300w, https:\/\/quandlechat.fr\/wp-content\/uploads\/2024\/01\/Lapin-Ours-768x692.png 768w, https:\/\/quandlechat.fr\/wp-content\/uploads\/2024\/01\/Lapin-Ours-949x855.png 949w, https:\/\/quandlechat.fr\/wp-content\/uploads\/2024\/01\/Lapin-Ours.png 1051w\" sizes=\"auto, (max-width: 1024px) 100vw, 1024px\" \/><\/figure>\n\n\n\n<h5 class=\"wp-block-heading has-text-align-center mt-05 mb-05\"><strong>Dossier de presse<\/strong><\/h5>\n\n\n\n<div class=\"wp-block-button aligncenter\"><a class=\"wp-block-button__link wp-element-button\" href=\"https:\/\/quandlechat.fr\/wp-content\/uploads\/2023\/11\/DOSSIER-DE-PRESENTATION-QLC-1.pdf\" target=\"_blank\" rel=\"noreferrer noopener\">T\u00e9l\u00e9charger<\/a><\/div>\n<\/div>\n\n\n\n<div class=\"wp-block-column is-layout-flow wp-block-column-is-layout-flow\">\n<figure class=\"wp-block-image aligncenter size-full is-resized\"><img loading=\"lazy\" decoding=\"async\" width=\"682\" height=\"775\" src=\"https:\/\/quandlechat.fr\/wp-content\/uploads\/2024\/01\/Lapin.png\" alt=\"\" class=\"wp-image-546\" style=\"width:91px;height:auto\" srcset=\"https:\/\/quandlechat.fr\/wp-content\/uploads\/2024\/01\/Lapin.png 682w, https:\/\/quandlechat.fr\/wp-content\/uploads\/2024\/01\/Lapin-264x300.png 264w\" sizes=\"auto, (max-width: 682px) 100vw, 682px\" \/><\/figure>\n\n\n\n<h5 class=\"wp-block-heading has-text-align-center mt-05 mb-05\"><strong>Fiche technique<\/strong><\/h5>\n\n\n\n<div class=\"wp-block-button aligncenter\"><a class=\"wp-block-button__link wp-element-button\" href=\"https:\/\/quandlechat.fr\/wp-content\/uploads\/2024\/01\/Fiche-technique-QLC-2024-3.pdf\" target=\"_blank\" rel=\"noreferrer noopener\">T\u00e9l\u00e9charger<\/a><\/div>\n<\/div>\n\n\n\n<div class=\"wp-block-column is-layout-flow wp-block-column-is-layout-flow\">\n<figure class=\"wp-block-image aligncenter size-full is-resized is-style-default\"><img loading=\"lazy\" decoding=\"async\" width=\"1048\" height=\"996\" src=\"https:\/\/quandlechat.fr\/wp-content\/uploads\/2024\/01\/Fleur-ronde.png\" alt=\"\" class=\"wp-image-542\" style=\"width:93px;height:auto\" srcset=\"https:\/\/quandlechat.fr\/wp-content\/uploads\/2024\/01\/Fleur-ronde.png 1048w, https:\/\/quandlechat.fr\/wp-content\/uploads\/2024\/01\/Fleur-ronde-300x285.png 300w, https:\/\/quandlechat.fr\/wp-content\/uploads\/2024\/01\/Fleur-ronde-1024x973.png 1024w, https:\/\/quandlechat.fr\/wp-content\/uploads\/2024\/01\/Fleur-ronde-768x730.png 768w, https:\/\/quandlechat.fr\/wp-content\/uploads\/2024\/01\/Fleur-ronde-900x855.png 900w\" sizes=\"auto, (max-width: 1048px) 100vw, 1048px\" \/><\/figure>\n\n\n\n<h6 class=\"wp-block-heading has-text-align-center mt-05 mb-05\"><strong>Pack photos<\/strong><br>Cr\u00e9dit : R\u00e9mi Ancelin<\/h6>\n\n\n\n<div class=\"wp-block-button aligncenter\"><a class=\"wp-block-button__link wp-element-button\" href=\"https:\/\/quandlechat.fr\/wp-content\/uploads\/2024\/01\/QLC-Pack-Photos.zip\" target=\"_blank\" rel=\"noreferrer noopener\">T\u00e9l\u00e9charger<\/a><\/div>\n<\/div>\n\n\n\n<div class=\"wp-block-column is-layout-flow wp-block-column-is-layout-flow\">\n<figure class=\"wp-block-image aligncenter size-full is-resized is-style-default\"><img loading=\"lazy\" decoding=\"async\" width=\"1002\" height=\"975\" src=\"https:\/\/quandlechat.fr\/wp-content\/uploads\/2024\/01\/Elephant.png\" alt=\"\" class=\"wp-image-547\" style=\"width:106px;height:auto\" srcset=\"https:\/\/quandlechat.fr\/wp-content\/uploads\/2024\/01\/Elephant.png 1002w, https:\/\/quandlechat.fr\/wp-content\/uploads\/2024\/01\/Elephant-300x292.png 300w, https:\/\/quandlechat.fr\/wp-content\/uploads\/2024\/01\/Elephant-768x747.png 768w, https:\/\/quandlechat.fr\/wp-content\/uploads\/2024\/01\/Elephant-879x855.png 879w\" sizes=\"auto, (max-width: 1002px) 100vw, 1002px\" \/><\/figure>\n\n\n\n<h5 class=\"wp-block-heading has-text-align-center mt-05 mb-05\"><strong>Affiche du concert<\/strong><\/h5>\n\n\n\n<div class=\"wp-block-button aligncenter\"><a class=\"wp-block-button__link wp-element-button\" href=\"https:\/\/quandlechat.fr\/wp-content\/uploads\/2023\/12\/QLC-AffA3-sanstexte.pdf\" target=\"_blank\" rel=\"noreferrer noopener\">T\u00e9l\u00e9charger<\/a><\/div>\n<\/div>\n<\/div>\n","protected":false},"excerpt":{"rendered":"<p>Espace PRO ! Documents \u00e0 t\u00e9l\u00e9charger Dossier de presse Fiche technique Pack photosCr\u00e9dit : R\u00e9mi Ancelin Affiche du concert<\/p>\n","protected":false},"author":1,"featured_media":0,"parent":0,"menu_order":0,"comment_status":"closed","ping_status":"closed","template":"page-templates\/no-sidebar-no-title.php","meta":{"_crdt_document":"","footnotes":""},"class_list":["post-157","page","type-page","status-publish","hentry","no-post-thumbnail"],"yoast_head":"<!-- This site is optimized with the Yoast SEO plugin v27.4 - https:\/\/yoast.com\/product\/yoast-seo-wordpress\/ -->\n<title>Espace pro - Quand le chat<\/title>\n<meta name=\"robots\" content=\"index, follow, max-snippet:-1, max-image-preview:large, max-video-preview:-1\" \/>\n<link rel=\"canonical\" href=\"https:\/\/quandlechat.fr\/index.php\/espace-pro\/\" \/>\n<meta property=\"og:locale\" content=\"fr_FR\" \/>\n<meta property=\"og:type\" content=\"article\" \/>\n<meta property=\"og:title\" content=\"Espace pro - Quand le chat\" \/>\n<meta property=\"og:description\" content=\"Espace PRO ! Documents \u00e0 t\u00e9l\u00e9charger Dossier de presse Fiche technique Pack photosCr\u00e9dit : R\u00e9mi Ancelin Affiche du concert\" \/>\n<meta property=\"og:url\" content=\"https:\/\/quandlechat.fr\/index.php\/espace-pro\/\" \/>\n<meta property=\"og:site_name\" content=\"Quand le chat\" \/>\n<meta property=\"article:publisher\" content=\"https:\/\/www.facebook.com\/quandlechatnestpaslacapartenlive\" \/>\n<meta property=\"article:modified_time\" content=\"2024-01-15T16:37:59+00:00\" \/>\n<meta property=\"og:image\" content=\"https:\/\/quandlechat.fr\/wp-content\/uploads\/2023\/12\/B0A0014_ter-1-edited.jpg\" \/>\n<meta name=\"twitter:card\" content=\"summary_large_image\" \/>\n<script type=\"application\/ld+json\" class=\"yoast-schema-graph\">{\"@context\":\"https:\\\/\\\/schema.org\",\"@graph\":[{\"@type\":\"WebPage\",\"@id\":\"https:\\\/\\\/quandlechat.fr\\\/index.php\\\/espace-pro\\\/\",\"url\":\"https:\\\/\\\/quandlechat.fr\\\/index.php\\\/espace-pro\\\/\",\"name\":\"Espace pro - Quand le chat\",\"isPartOf\":{\"@id\":\"https:\\\/\\\/quandlechat.fr\\\/#website\"},\"primaryImageOfPage\":{\"@id\":\"https:\\\/\\\/quandlechat.fr\\\/index.php\\\/espace-pro\\\/#primaryimage\"},\"image\":{\"@id\":\"https:\\\/\\\/quandlechat.fr\\\/index.php\\\/espace-pro\\\/#primaryimage\"},\"thumbnailUrl\":\"https:\\\/\\\/quandlechat.fr\\\/wp-content\\\/uploads\\\/2023\\\/12\\\/B0A0014_ter-1-edited.jpg\",\"datePublished\":\"2023-11-30T15:38:53+00:00\",\"dateModified\":\"2024-01-15T16:37:59+00:00\",\"breadcrumb\":{\"@id\":\"https:\\\/\\\/quandlechat.fr\\\/index.php\\\/espace-pro\\\/#breadcrumb\"},\"inLanguage\":\"fr-FR\",\"potentialAction\":[{\"@type\":\"ReadAction\",\"target\":[\"https:\\\/\\\/quandlechat.fr\\\/index.php\\\/espace-pro\\\/\"]}]},{\"@type\":\"ImageObject\",\"inLanguage\":\"fr-FR\",\"@id\":\"https:\\\/\\\/quandlechat.fr\\\/index.php\\\/espace-pro\\\/#primaryimage\",\"url\":\"https:\\\/\\\/quandlechat.fr\\\/wp-content\\\/uploads\\\/2023\\\/12\\\/B0A0014_ter-1-edited.jpg\",\"contentUrl\":\"https:\\\/\\\/quandlechat.fr\\\/wp-content\\\/uploads\\\/2023\\\/12\\\/B0A0014_ter-1-edited.jpg\",\"width\":2047,\"height\":1151},{\"@type\":\"BreadcrumbList\",\"@id\":\"https:\\\/\\\/quandlechat.fr\\\/index.php\\\/espace-pro\\\/#breadcrumb\",\"itemListElement\":[{\"@type\":\"ListItem\",\"position\":1,\"name\":\"Accueil\",\"item\":\"https:\\\/\\\/quandlechat.fr\\\/\"},{\"@type\":\"ListItem\",\"position\":2,\"name\":\"Espace pro\"}]},{\"@type\":\"WebSite\",\"@id\":\"https:\\\/\\\/quandlechat.fr\\\/#website\",\"url\":\"https:\\\/\\\/quandlechat.fr\\\/\",\"name\":\"Quand le chat\",\"description\":\"n&#039;est pas l\u00e0... \u00e7a part en LIVE !\",\"publisher\":{\"@id\":\"https:\\\/\\\/quandlechat.fr\\\/#organization\"},\"potentialAction\":[{\"@type\":\"SearchAction\",\"target\":{\"@type\":\"EntryPoint\",\"urlTemplate\":\"https:\\\/\\\/quandlechat.fr\\\/?s={search_term_string}\"},\"query-input\":{\"@type\":\"PropertyValueSpecification\",\"valueRequired\":true,\"valueName\":\"search_term_string\"}}],\"inLanguage\":\"fr-FR\"},{\"@type\":\"Organization\",\"@id\":\"https:\\\/\\\/quandlechat.fr\\\/#organization\",\"name\":\"Quand le chat\",\"url\":\"https:\\\/\\\/quandlechat.fr\\\/\",\"logo\":{\"@type\":\"ImageObject\",\"inLanguage\":\"fr-FR\",\"@id\":\"https:\\\/\\\/quandlechat.fr\\\/#\\\/schema\\\/logo\\\/image\\\/\",\"url\":\"https:\\\/\\\/quandlechat.fr\\\/wp-content\\\/uploads\\\/2023\\\/11\\\/Typo-QuandLeChat.png\",\"contentUrl\":\"https:\\\/\\\/quandlechat.fr\\\/wp-content\\\/uploads\\\/2023\\\/11\\\/Typo-QuandLeChat.png\",\"width\":847,\"height\":467,\"caption\":\"Quand le chat\"},\"image\":{\"@id\":\"https:\\\/\\\/quandlechat.fr\\\/#\\\/schema\\\/logo\\\/image\\\/\"},\"sameAs\":[\"https:\\\/\\\/www.facebook.com\\\/quandlechatnestpaslacapartenlive\",\"https:\\\/\\\/www.youtube.com\\\/@Quandlechat\",\"https:\\\/\\\/www.instagram.com\\\/quand_le_chat_nest_pas_la\\\/\"]}]}<\/script>\n<!-- \/ Yoast SEO plugin. -->","yoast_head_json":{"title":"Espace pro - Quand le chat","robots":{"index":"index","follow":"follow","max-snippet":"max-snippet:-1","max-image-preview":"max-image-preview:large","max-video-preview":"max-video-preview:-1"},"canonical":"https:\/\/quandlechat.fr\/index.php\/espace-pro\/","og_locale":"fr_FR","og_type":"article","og_title":"Espace pro - Quand le chat","og_description":"Espace PRO ! Documents \u00e0 t\u00e9l\u00e9charger Dossier de presse Fiche technique Pack photosCr\u00e9dit : R\u00e9mi Ancelin Affiche du concert","og_url":"https:\/\/quandlechat.fr\/index.php\/espace-pro\/","og_site_name":"Quand le chat","article_publisher":"https:\/\/www.facebook.com\/quandlechatnestpaslacapartenlive","article_modified_time":"2024-01-15T16:37:59+00:00","og_image":[{"url":"https:\/\/quandlechat.fr\/wp-content\/uploads\/2023\/12\/B0A0014_ter-1-edited.jpg","type":"","width":"","height":""}],"twitter_card":"summary_large_image","schema":{"@context":"https:\/\/schema.org","@graph":[{"@type":"WebPage","@id":"https:\/\/quandlechat.fr\/index.php\/espace-pro\/","url":"https:\/\/quandlechat.fr\/index.php\/espace-pro\/","name":"Espace pro - Quand le chat","isPartOf":{"@id":"https:\/\/quandlechat.fr\/#website"},"primaryImageOfPage":{"@id":"https:\/\/quandlechat.fr\/index.php\/espace-pro\/#primaryimage"},"image":{"@id":"https:\/\/quandlechat.fr\/index.php\/espace-pro\/#primaryimage"},"thumbnailUrl":"https:\/\/quandlechat.fr\/wp-content\/uploads\/2023\/12\/B0A0014_ter-1-edited.jpg","datePublished":"2023-11-30T15:38:53+00:00","dateModified":"2024-01-15T16:37:59+00:00","breadcrumb":{"@id":"https:\/\/quandlechat.fr\/index.php\/espace-pro\/#breadcrumb"},"inLanguage":"fr-FR","potentialAction":[{"@type":"ReadAction","target":["https:\/\/quandlechat.fr\/index.php\/espace-pro\/"]}]},{"@type":"ImageObject","inLanguage":"fr-FR","@id":"https:\/\/quandlechat.fr\/index.php\/espace-pro\/#primaryimage","url":"https:\/\/quandlechat.fr\/wp-content\/uploads\/2023\/12\/B0A0014_ter-1-edited.jpg","contentUrl":"https:\/\/quandlechat.fr\/wp-content\/uploads\/2023\/12\/B0A0014_ter-1-edited.jpg","width":2047,"height":1151},{"@type":"BreadcrumbList","@id":"https:\/\/quandlechat.fr\/index.php\/espace-pro\/#breadcrumb","itemListElement":[{"@type":"ListItem","position":1,"name":"Accueil","item":"https:\/\/quandlechat.fr\/"},{"@type":"ListItem","position":2,"name":"Espace pro"}]},{"@type":"WebSite","@id":"https:\/\/quandlechat.fr\/#website","url":"https:\/\/quandlechat.fr\/","name":"Quand le chat","description":"n&#039;est pas l\u00e0... \u00e7a part en LIVE !","publisher":{"@id":"https:\/\/quandlechat.fr\/#organization"},"potentialAction":[{"@type":"SearchAction","target":{"@type":"EntryPoint","urlTemplate":"https:\/\/quandlechat.fr\/?s={search_term_string}"},"query-input":{"@type":"PropertyValueSpecification","valueRequired":true,"valueName":"search_term_string"}}],"inLanguage":"fr-FR"},{"@type":"Organization","@id":"https:\/\/quandlechat.fr\/#organization","name":"Quand le chat","url":"https:\/\/quandlechat.fr\/","logo":{"@type":"ImageObject","inLanguage":"fr-FR","@id":"https:\/\/quandlechat.fr\/#\/schema\/logo\/image\/","url":"https:\/\/quandlechat.fr\/wp-content\/uploads\/2023\/11\/Typo-QuandLeChat.png","contentUrl":"https:\/\/quandlechat.fr\/wp-content\/uploads\/2023\/11\/Typo-QuandLeChat.png","width":847,"height":467,"caption":"Quand le chat"},"image":{"@id":"https:\/\/quandlechat.fr\/#\/schema\/logo\/image\/"},"sameAs":["https:\/\/www.facebook.com\/quandlechatnestpaslacapartenlive","https:\/\/www.youtube.com\/@Quandlechat","https:\/\/www.instagram.com\/quand_le_chat_nest_pas_la\/"]}]}},"_links":{"self":[{"href":"https:\/\/quandlechat.fr\/index.php\/wp-json\/wp\/v2\/pages\/157","targetHints":{"allow":["GET"]}}],"collection":[{"href":"https:\/\/quandlechat.fr\/index.php\/wp-json\/wp\/v2\/pages"}],"about":[{"href":"https:\/\/quandlechat.fr\/index.php\/wp-json\/wp\/v2\/types\/page"}],"author":[{"embeddable":true,"href":"https:\/\/quandlechat.fr\/index.php\/wp-json\/wp\/v2\/users\/1"}],"replies":[{"embeddable":true,"href":"https:\/\/quandlechat.fr\/index.php\/wp-json\/wp\/v2\/comments?post=157"}],"version-history":[{"count":40,"href":"https:\/\/quandlechat.fr\/index.php\/wp-json\/wp\/v2\/pages\/157\/revisions"}],"predecessor-version":[{"id":548,"href":"https:\/\/quandlechat.fr\/index.php\/wp-json\/wp\/v2\/pages\/157\/revisions\/548"}],"wp:attachment":[{"href":"https:\/\/quandlechat.fr\/index.php\/wp-json\/wp\/v2\/media?parent=157"}],"curies":[{"name":"wp","href":"https:\/\/api.w.org\/{rel}","templated":true}]}}